{"id":3,"date":"2024-03-15T08:47:37","date_gmt":"2024-03-15T08:47:37","guid":{"rendered":"https:\/\/modularte.pe\/?page_id=3"},"modified":"2024-07-02T17:39:56","modified_gmt":"2024-07-02T17:39:56","slug":"politica-privacidad","status":"publish","type":"page","link":"https:\/\/modularte.pe\/en\/politica-privacidad\/","title":{"rendered":"Pol\u00edticas de Privacidad"},"content":{"rendered":"<p><br>Esta Pol\u00edtica de Privacidad establece los t\u00e9rminos en los que la aplicaci\u00f3n que la empresa MODULARTE usa y protege la informaci\u00f3n que es proporcionada por sus usuarios al completar los formularios.<br>Esta empresa est\u00e1 comprometida con la seguridad de los datos de sus usuarios, a respetar la privacidad y proteger la confidencialidad de su informaci\u00f3n privada y datos personales. Cuando le pedimos que complete los campos de informaci\u00f3n personal con los que puede ser identificado, lo hacemos asegur\u00e1ndonos de que s\u00f3lo se utilizar\u00e1 de acuerdo con los t\u00e9rminos.<\/p>\n\n\n\n<p><strong>Responsable del tratamiento<\/strong><br>El responsable del tratamiento de los datos que se recopilan, tratan y almacenan a trav\u00e9s de esta p\u00e1gina web y con ocasi\u00f3n de los servicios prestados y contratados a trav\u00e9s de la misma, es MODULARTE, con domicilio en Av. Los Diamantes Mz. C Lt. 21, Urb. Los Alisos &#8211; SMP. Correo electr\u00f3nico: info@modularte.pe y tel\u00e9fono +51 948 249 962.<\/p>\n\n\n\n<p><strong>Informaci\u00f3n que se recopila<\/strong><br>Se informa a los usuarios que la web puede recopilar informaci\u00f3n personal como: nombres, apellidos, DNI, informaci\u00f3n b\u00e1sica de contacto que son adecuados, pertinentes y no excesivos en relaci\u00f3n con la finalidad para los que se recogen. Asimismo, cuando sea necesario, se puede requerir informaci\u00f3n espec\u00edfica para procesar una solicitud o realizar una entrega o facturaci\u00f3n.<\/p>\n\n\n\n<p><strong>Uso de la informaci\u00f3n recopilada<\/strong><br>Nuestra aplicaci\u00f3n web utiliza la informaci\u00f3n para brindar el mejor servicio posible, particularmente para mantener un registro de solicitudes y mensajes para mejorar nuestros productos y servicios. Es posible que peri\u00f3dicamente se env\u00eden correos electr\u00f3nicos a trav\u00e9s de nuestro sitio con ofertas especiales, nuevos servicios y otra informaci\u00f3n publicitaria que consideremos relevante para usted o que pueda brindarle beneficios, estos correos electr\u00f3nicos ser\u00e1n enviados a la direcci\u00f3n que usted proporcione y pueden ser cancelados en cualquier momento.<\/p>\n\n\n\n<p>MODULARTE est\u00e1 altamente comprometido a mantener segura la informaci\u00f3n recopilada. Usamos sistemas avanzados y necesarios para mantener el nivel de seguridad requerido con el objetivo de evitar la alteraci\u00f3n, p\u00e9rdida o accesos no autorizados que puedan afectar a la integridad, confidencialidad y disponibilidad de la informaci\u00f3n<\/p>\n\n\n\n<p><strong>Comunicaci\u00f3n de datos a terceros<\/strong><br>Los datos personales que los usuarios o potenciales clientes nos hayan podido facilitar a trav\u00e9s de nuestra p\u00e1gina web, o durante la prestaci\u00f3n de los servicios, no ser\u00e1n vendidos, trasferidos y\/o intercambiados con terceros no autorizados, salvo por obligaci\u00f3n legal, o en los casos establecidos m\u00e1s abajo en relaci\u00f3n con las transferencias internacionales de datos que realizamos desde MODULARTE.<\/p>\n\n\n\n<p>Por otro lado, los datos de los Clientes, podr\u00e1n cederse a la Administraci\u00f3n Tributaria y a otros \u00d3rganos de la Administraci\u00f3n P\u00fablica, caso de ser requeridos a ello.<\/p>\n\n\n\n<p><strong>Control de su informaci\u00f3n personal<\/strong><br>En cualquier momento, el titular de los datos personales puede restringir la recopilaci\u00f3n o el uso de la informaci\u00f3n personal que se proporciona a nuestra aplicaci\u00f3n. Cada vez que se le solicite que complete un formulario, puede marcar o desmarcar la opci\u00f3n para recibir informaci\u00f3n por correo electr\u00f3nico. En caso de que haya marcado la opci\u00f3n de recibir nuestra newsletter o publicidad puede cancelarla en cualquier momento.<\/p>\n\n\n\n<p>Esta empresa no vender\u00e1, no ceder\u00e1, ni distribuir\u00e1 la informaci\u00f3n personal que se recopile sin su consentimiento, a menos que lo requiera un juez mediante una orden judicial.<\/p>\n\n\n\n<p><strong>Protecci\u00f3n de datos<\/strong><br>Cualquier persona, podr\u00e1 ejercitar los derechos de acceso, rectificaci\u00f3n, supresi\u00f3n, limitaci\u00f3n del tratamiento, el derecho a la portabilidad, a no ser objeto de tratamiento automatizado, incluida la elaboraci\u00f3n de perfiles y el derecho a oposici\u00f3n de los datos personales que obran en cualquiera de los ficheros de que es Responsable MODULARTE, solicit\u00e1ndolo por cualquier medio que deje constancia de su env\u00edo y recepci\u00f3n, expresando claramente su deseo y acompa\u00f1ando fotocopia de su DNI y cuantos documentos sean necesarios para acreditar su identidad.<\/p>\n\n\n\n<p>No debe olvidarse indicar los motivos que justifiquen el ejercicio del derecho.Para ello, se podr\u00e1 dirigir un escrito, bien a la direcci\u00f3n de correo electr\u00f3nico info@modularte.pe, o a la direcci\u00f3n Av. Los Diamantes Mz. C Lt. 21, Urb. Los Alisos &#8211; SMP.<\/p>\n\n\n\n<p><strong>Consentimiento<\/strong><br>Al aceptar esta Pol\u00edtica de Privacidad, los usuarios est\u00e1n de acuerdo con todos los aspectos expuestos en este documento y nos autorizan a tratar sus datos de car\u00e1cter personal para las finalidades expuestas anteriormente.<\/p>\n\n\n\n<p class=\"has-medium-font-size\"><strong>Modificaciones a la Pol\u00edtica de Privacidad<\/strong><br>Con motivo de la mejora continua de nuestro servicio, la empresa se reserva el derecho de poder modificar los T\u00e9rminos de esta Pol\u00edtica de Privacidad cuando lo considere conveniente en virtud de las condiciones del mercado o los cambios normativos que sean de aplicaci\u00f3n, para lo cual recomendamos a los usuarios que puedan revisar continuamente esta p\u00e1gina para asegurarnos de que est\u00e1n informados de las actualizaciones y\/o modificaciones sustanciales, garantizando siempre la publicidad y transparencia, as\u00ed como respetando los derechos de los consumidores y\/o usuarios de nuestros servicios.<\/p>","protected":false},"excerpt":{"rendered":"<p>Esta Pol\u00edtica de Privacidad establece los t\u00e9rminos en los que la aplicaci\u00f3n que la empresa MODULARTE usa y protege la informaci\u00f3n que es proporcionada por sus usuarios al completar los formularios.Esta empresa est\u00e1 comprometida con la seguridad de los datos de sus usuarios, a respetar la privacidad y proteger la confidencialidad de su informaci\u00f3n privada [&hellip;]<\/p>\n","protected":false},"author":1,"featured_media":0,"parent":0,"menu_order":0,"comment_status":"closed","ping_status":"open","template":"","meta":{"saved_in_kubio":false,"footnotes":""},"class_list":["post-3","page","type-page","status-publish","hentry"],"kubio_ai_page_context":{"short_desc":"","purpose":"general"},"_links":{"self":[{"href":"https:\/\/modularte.pe\/en\/wp-json\/wp\/v2\/pages\/3","targetHints":{"allow":["GET"]}}],"collection":[{"href":"https:\/\/modularte.pe\/en\/wp-json\/wp\/v2\/pages"}],"about":[{"href":"https:\/\/modularte.pe\/en\/wp-json\/wp\/v2\/types\/page"}],"author":[{"embeddable":true,"href":"https:\/\/modularte.pe\/en\/wp-json\/wp\/v2\/users\/1"}],"replies":[{"embeddable":true,"href":"https:\/\/modularte.pe\/en\/wp-json\/wp\/v2\/comments?post=3"}],"version-history":[{"count":2,"href":"https:\/\/modularte.pe\/en\/wp-json\/wp\/v2\/pages\/3\/revisions"}],"predecessor-version":[{"id":1363,"href":"https:\/\/modularte.pe\/en\/wp-json\/wp\/v2\/pages\/3\/revisions\/1363"}],"wp:attachment":[{"href":"https:\/\/modularte.pe\/en\/wp-json\/wp\/v2\/media?parent=3"}],"curies":[{"name":"wp","href":"https:\/\/api.w.org\/{rel}","templated":true}]}}